{"id":391,"date":"2019-08-09T07:16:48","date_gmt":"2019-08-09T07:16:48","guid":{"rendered":"http:\/\/fenster.ee\/alumiinium\/?page_id=391"},"modified":"2019-08-09T07:16:48","modified_gmt":"2019-08-09T07:16:48","slug":"uldtingimused","status":"publish","type":"page","link":"https:\/\/fenster.ee\/alumiinium\/uldtingimused\/","title":{"rendered":"\u00dcldtingimused"},"content":{"rendered":"\n<p>AS Fenster Alumiinium T\u00f6\u00f6v\u00f5tulepingu \u00dcldtingimused<\/p>\n\n\n\n<p>1. \u00dcldtingimuste ulatus<\/p>\n\n\n\n<p>1.1. K\u00e4esolevad AS Fenster Alumiinium (edaspidi T\u00f6\u00f6v\u00f5tja) \nT\u00f6\u00f6v\u00f5tulepingu \u00dcldtingimused (edaspidi \u00dcldtingimused) kehtivad \nk\u00f5igi juriidiliste ja f\u00fc\u00fcsiliste isikute (edaspidi Tellija) suhtes, \nkes soovivad tellida T\u00f6\u00f6v\u00f5tja ettetellitavate kaupadena nimistus \nfikseeritud kaupu (edaspidi Kaup v\u00f5i Kaubad) ja\/v\u00f5i teenused (edaspidi\n Teenus v\u00f5i Teenused). Tellijat ja T\u00f6\u00f6v\u00f5tjat nimetatakse edaspidi \n\u00dcldtingimustes ja Tellija ja T\u00f6\u00f6v\u00f5tja vahel s\u00f5lmitavas \nT\u00f6\u00f6v\u00f5tulepingus (edaspidi T\u00f6\u00f6v\u00f5tuleping) eraldi Pool v\u00f5i \u00fchiselt\n Pooled.<\/p>\n\n\n\n<p>1.2. Kaubad ja teenused peavad vastama kehtivatele kvaliteedin\u00f5uetele, standarditele ja kasutustingimustele.<\/p>\n\n\n\n<p>1.3. T\u00f6\u00f6v\u00f5tja ja Tellija vahelistes Kaupade ja\/v\u00f5i Teenuste \ntellimisega seotud suhetes l\u00e4htutakse T\u00f6\u00f6v\u00f5tulepingust, Tellija ja \nT\u00f6\u00f6v\u00f5tja vahelistest muudest kokkulepetest, \u00dcldtingimustest, Eesti \nVabariigi \u00f5igusaktidest ning headest kauplemistavadest.<\/p>\n\n\n\n<p>2. Kaupade ja teenuste tellimise tingimused<\/p>\n\n\n\n<p>2.1. Kauba ja\/v\u00f5i Teenuste tellimus vormistatakse T\u00f6\u00f6v\u00f5tulepingu s\u00f5lmimisega.<\/p>\n\n\n\n<p>2.2. Tellimus t\u00e4idetakse T\u00f6\u00f6v\u00f5tulepingus s\u00e4testatud t\u00e4htaja \njooksul. Tellitud Kauba \u00fcleandmise ja\/v\u00f5i Teenus(t)e osutamise \nkonkreetse kuup\u00e4eva ja aja m\u00e4\u00e4ramise \u00f5igus on T\u00f6\u00f6v\u00f5tjal. Kauba \n\u00fcleandmise ja\/v\u00f5i Teenus(t)e osutamise kuup\u00e4eva ja aja teatab \nT\u00f6\u00f6v\u00f5tja Tellijale ette. Kui Poolte vahel ei ole kokku lepitud \nteisiti, toimetatakse tellitud Kaup kohale T\u00f6\u00f6v\u00f5tja transpordiga \nTellija kulul. Kuni T\u00f6\u00f6v\u00f5tulepingu summa t\u00e4ieliku laekumiseni on \ntellitud Kaubad AS Fenster Alumiinium omand. Kauba juhusliku h\u00e4vimise \nja kahjustamise riisiko l\u00e4heb Tellijale \u00fcle Kauba \u00fcleandmisega. \nTellija on kohustatud tellitud Kauba v\u00f5i Teenuste osutamise tulemusena \nvalmis t\u00f6\u00f6 vastu v\u00f5tma.<\/p>\n\n\n\n<p>2.3. Tellija on kohustatud viibima Kauba \u00fcleandmise ja\/v\u00f5i Teenuste\n osutamise kohas ja k\u00e4esoleva lepingu alapunkti 2.2. kohaselt \nkoosk\u00f5lastatud ajal. Paigaldus- v\u00f5i viimistlust\u00f6\u00f6de alustamise ajaks\n on Tellija kohustatud:<\/p>\n\n\n\n<p>2.3.1. Varustama T\u00f6\u00f6v\u00f5tjat \u00fcldelektriga ja veega;<\/p>\n\n\n\n<p>2.3.2. V\u00f5imaldama T\u00f6\u00f6v\u00f5tjale ligip\u00e4\u00e4su ava(de)le;<\/p>\n\n\n\n<p>2.3.3. Tagada t\u00f6\u00f6ks vajaliku ruumi (v\u00e4hemalt 1m) ning kaitsta \nruumi p\u00f5randad kile v\u00f5i muu vahendiga, v\u00e4ltimaks p\u00f5randa \nvigastamist.<br>\nJuhul kui Tellija ei t\u00e4ida k\u00e4esolevas alapunktis etten\u00e4htud \nkohustusi, on T\u00f6\u00f6v\u00f5tjal \u00f5igus n\u00f5uda kohustus(t)e mittet\u00e4itmisega \ntalle tekitatud kahjude h\u00fcvitamist, millesse kuuluvad t\u00f6\u00f6j\u00f5u-, \ntranspordi-, lao- ja dokumendik\u00e4itluse ja muud kulud. Tellijale on \nk\u00e4esolevas alapunktis nimetatud kulude tasumise aluseks T\u00f6\u00f6v\u00f5tja \npoolt esitatud arve.<\/p>\n\n\n\n<p>2.4. Kui tellitud Kauba \u00fcleandmise koht on T\u00f6\u00f6v\u00f5tja ladu, on \nTellija kohustatud Kauba \u00fcleandmise kohast \u00e4ra viima 3 (kolme) \nt\u00f6\u00f6p\u00e4eva jooksul p\u00e4rast Kauba valmimise teatise (kirja, faksi v\u00f5i \ne-kirja) k\u00e4ttesaamist. Iga j\u00e4rgneva p\u00e4eva eest maksab Tellija \nT\u00f6\u00f6v\u00f5tjale Kauba hoiustamise tasu 2 EUR 1 (\u00fche) eseme kohta p\u00e4evas.<\/p>\n\n\n\n<p>2.5. T\u00f6\u00f6v\u00f5tja on kohustatud osutama \u00fcksnes neid Teenuseid, mis on ette n\u00e4htud Poolte vahel s\u00f5lmitud T\u00f6\u00f6v\u00f5tulepinguga.<\/p>\n\n\n\n<p>2.6. Ettemaksu v\u00f5i teiste lepinguj\u00e4rgsete maksete hilinemisel on \nT\u00f6\u00f6v\u00f5tjal \u00f5igus tellimus t\u00e4ita oma \u00e4ran\u00e4gemisel v\u00f5i \nT\u00f6\u00f6v\u00f5tuleping l\u00f5petada ja n\u00f5uda Tellijalt kahju h\u00fcvitamist \nkoosk\u00f5las k\u00e4esolevate \u00dcldtingimuste alapunktiga 4.4.<\/p>\n\n\n\n<p>2.7. Vanade akende demonteerimisteenuse tellimisega kinnitab Tellija,\n et ta on teadlik sellest, et maja v\u00f5i hoone v\u00e4lisfasaadi v\u00f5idakse \nkahjustada ja ta on n\u00f5us kahju tekitamisega.<\/p>\n\n\n\n<p>2.8. Tellija peab kontrollima tellitud t\u00f6\u00f6de t\u00e4itmist, muu hulgas \nandma T\u00f6\u00f6v\u00f5tjale juhiseid v\u00f5i muul viisil kaasa aitama t\u00f6\u00f6de \nteostamisele. T\u00f6\u00f6v\u00f5tjal on kohustus teavitada Tellijat tellitud \nTeenuste osutamisel v\u00f5i t\u00f6\u00f6de tegemisel tekkivatest probleemidest \nning n\u00f5uda Tellijalt juhiseid ja infot.<\/p>\n\n\n\n<p>2.9. Teenuste osutamisel juhindub T\u00f6\u00f6v\u00f5tja kehtivatest \nehitusnormidest ja -eeskirjadest ja osutab Teenuseid vastavalt \nprojektdokumentatsioonile, heale ehitustavale, kinnitatud \nehitustehnoloogiale, Eestis kehtivatele normidele, standarditele ning \nseadustele.<\/p>\n\n\n\n<p>2.10. Kui Tellija on n\u00f5udnud T\u00f6\u00f6v\u00f5tjalt t\u00f6\u00f6s selliste \nmuudatuste tegemist v\u00f5i lahenduste ja meetodite kasutamist, mis v\u00f5ivad\n p\u00f5hjustada lisariske ja t\u00e4iendavaid kulutusi ja T\u00f6\u00f6v\u00f5tja on \nkirjalikult teatanud Tellijale v\u00f5imalike lisariskide ja t\u00e4iendavate \nkulutuste tekkimisest, ei kanna ta vastutust v\u00f5imalike kahjude \ntekkimisel.<\/p>\n\n\n\n<p>2.11. Kui tellimuse t\u00e4itmise ajal muutuvad T\u00f6\u00f6v\u00f5tulepingu \nt\u00e4itmisel aluseks v\u00f5etud andmed, olukorrad (n\u00e4iteks \u00f5igusaktides \ns\u00e4testatud n\u00f5uete muutumine) v\u00f5i muud kohustuslikud n\u00f5uded, siis \nkohustuvad Pooled lepingut vastavalt muutma.<\/p>\n\n\n\n<p>2.12. Juhul, kui Pooled on avastanud tekkida v\u00f5iva v\u00f5i juba \ntekkinud vea v\u00f5i kahju, on nad kohustatud sellest viivitamatult teisele\n Poolele teatama ja v\u00f5tma kasutusele k\u00f5ik v\u00f5imalikud meetmed kahju \n\u00e4rahoidmiseks ja\/v\u00f5i juba tekkinud kahju ulatuse v\u00e4hendamiseks.<\/p>\n\n\n\n<p>2.13. Tellija peab T\u00f6\u00f6v\u00f5tjaga tegema vajalikul m\u00e4\u00e4ral \nkoost\u00f6\u00f6d, et v\u00e4ltida viivitusi ja takistusi T\u00f6\u00f6v\u00f5tulepingu \nt\u00e4htaegadest kinnipidamisel ning tellimuse \u00f5igeaegsel t\u00e4itmisel. \nT\u00f6\u00f6v\u00f5tjal on \u00f5igus n\u00f5uda t\u00f6\u00f6de l\u00f5ppt\u00e4htaja edasil\u00fckkamist \njuhul kui:<\/p>\n\n\n\n<p>2.13.1. Tellija pole \u00f5igeaegselt v\u00f5i n\u00f5uetekohaselt t\u00e4itnud \n\u00dcldtingimuste alapunktis 2.3. s\u00e4testatud kohustusi, va juhul kui \nTellija poolne viivitus on \u00f5igustatud ja p\u00f5hjendatud v\u00f5i tuleneb \nT\u00f6\u00f6v\u00f5tja enda tegevusest v\u00f5i tegevusetusest;<\/p>\n\n\n\n<p>2.13.2. T\u00f6\u00f6seisakud, katkestused ja nendega seotud \n\u00fcmberkorraldused on p\u00f5hjustatud ametkondade ja ettev\u00f5tete poolt \nt\u00f6\u00f6de teostamise ajal tehtud ettekirjutustest, mille j\u00e4rgimine t\u00f6\u00f6 \nk\u00e4igus on T\u00f6\u00f6v\u00f5tjale kohustuslik;<\/p>\n\n\n\n<p>2.13.3. Kui Tellija n\u00f5udel teostatakse lisat\u00f6id, mille maksumus \nmoodustab rohkem kui 5 % T\u00f6\u00f6v\u00f5tulepingu hinnast (ilma k\u00e4ibemaksuta).<\/p>\n\n\n\n<p>2.14. Uute akende\/uste paigaldamise teenuse tellimisel on Tellija \nkohustatud hankima k\u00f5ik antud tellimuse teostamiseks vajalikud \nkoosk\u00f5lastused ja load (sh kohaliku omavalitsuse ja\/v\u00f5i korteri\u00fchistu\n n\u00f5usoleku) ja tasuma nende hankimisega seotud maksed. Akende\/uste \npaigaldamise teenuse osutamine toimub Tellija enda vastutusel ja Tellija\n kannab k\u00f5ik kahjud, mis tal v\u00f5ivad tekkida seoses omapoolse \nkohustuste mittet\u00e4itmisega.<\/p>\n\n\n\n<p>2.15. Tellija on vastutav kahjude eest, mis T\u00f6\u00f6v\u00f5tjale v\u00f5ivad tekkida Tellija-poolsete vigade v\u00f5i hooletuse t\u00f5ttu.<\/p>\n\n\n\n<p>2.16. Juhul, kui Tellija soovib paralleelselt T\u00f6\u00f6v\u00f5tulepingus \ntellitud Teenuste raames t\u00f6\u00f6de teostamisel kaasata t\u00f6\u00f6dega otseselt \nseotud valdkonnas tehtavate t\u00f6\u00f6de tegemiseks Kaast\u00f6\u00f6v\u00f5tjat, on ta \nkohustatud sellest T\u00f6\u00f6v\u00f5tjale kirjalikult teatama. Tellija on \nkohustatud T\u00f6\u00f6v\u00f5tjaga kokku leppima T\u00f6\u00f6v\u00f5tja vastutuse ulatuse \nKaast\u00f6\u00f6v\u00f5tja poolt teostatud t\u00f6\u00f6dele ning tingimused selle \nrakendamiseks (vajadusel s\u00f5lmima k\u00f5igi osapoolte vahelisi \u00f5igusi ja \nkohustusi s\u00e4testava kokkuleppe). Kaast\u00f6\u00f6v\u00f5tja poolt teostatud \nt\u00f6\u00f6de eest vastutuse ulatust puudutava kokkuleppe puudumise korral \nPoolte vahel, vastutavad Pooled T\u00f6\u00f6v\u00f5tulepingust tulenevate enda \nkohustuste eest ja vastavalt t\u00f6\u00f6de m\u00e4\u00e4ratud eesm\u00e4rgile. 2.17. \nTellija kannab vastutust T\u00f6\u00f6v\u00f5tjale esitatud andmete \u00f5igsuse ja \nammendavuse, samuti T\u00f6\u00f6v\u00f5tjale antud juhiste \u00f5igsuse eest. Tellija \nvastutab muu hulgas Kaast\u00f6\u00f6v\u00f5tja poolt T\u00f6\u00f6v\u00f5tjale tekitatud \nkahjude eest v\u00f5i Kaast\u00f6\u00f6v\u00f5tja tegevuse tulemusena T\u00f6\u00f6v\u00f5tulepingu \nkohase t\u00e4itmise takistuste eest juhul, kui k\u00f5iki asjaolusid arvesse \nv\u00f5ttes oleks Tellija saanud vastavad kahjud v\u00f5i takistused oma \ntegevusega \u00e4ra hoida.<\/p>\n\n\n\n<p>2.18. Tellija tasub tellimuse t\u00e4itmise k\u00e4igus l\u00e4biviidavate \nv\u00e4ltimatute ja p\u00f5hjendatud uurimis- ja katsetust\u00f6\u00f6de eest. \nT\u00f6\u00f6v\u00f5tjal on kohustus Tellijat sellistest t\u00f6\u00f6dest eelnevalt \nteavitama.<\/p>\n\n\n\n<p>2.19. Tellijal ei ole \u00f5igus k\u00f5rvaldada puudusi, vaegt\u00f6id, \npraakt\u00f6id jms, v\u00e4lja arvatud juhul, kui Tellija on sellise t\u00f6\u00f6 \nvajadusest T\u00f6\u00f6v\u00f5tjale kirjalikult teatanud ja viimane ei ole 5 (viie)\n t\u00f6\u00f6p\u00e4eva jooksul asunud puudusi k\u00f5rvaldama. Sellisel juhul on \nTellijal \u00f5igus n\u00f5uda T\u00f6\u00f6v\u00f5tjalt nende kulude h\u00fcvitamist, mis \nTellija kandis esinenud puuduste parandamisel oma vahenditega.<\/p>\n\n\n\n<p>2.20. T\u00f6\u00f6v\u00f5tja ei vastuta garantiiperioodi jooksul tekkivate \nvigade eest, kui vead on tekkinud Kauba eba\u00f5igest (v\u00e4\u00e4rast) \nk\u00e4itlemisest ja\/v\u00f5i temperatuuri- v\u00f5i niiskusre\u017eiimi rikkumisest.<\/p>\n\n\n\n<p>2.21. T\u00f6\u00f6v\u00f5tulepingu v\u00f5ib kumbki Pool m\u00f5juval p\u00f5hjusel \nm\u00f5istliku etteteatamist\u00e4htajaga l\u00f5petada, eelk\u00f5ige kui lepingut \nl\u00f5petavalt Poolelt ei saa k\u00f5iki asjaolusid ja m\u00f5lemapoolset huvi \narvestades m\u00f5istlikult n\u00f5uda T\u00f6\u00f6v\u00f5tulepingu t\u00e4itmise j\u00e4tkamist \nkuni kokkulepitud t\u00e4htp\u00e4evani.<\/p>\n\n\n\n<p>2.22. Tellijal on m\u00f5juval p\u00f5hjusel \u00f5igus T\u00f6\u00f6v\u00f5tuleping l\u00f5petada eelk\u00f5ige, kui:<\/p>\n\n\n\n<p>2.22.1. ilmnevad asjaolud, mille tulemusena tellimuse t\u00e4itmine on muutunud v\u00f5imatuks;<\/p>\n\n\n\n<p>2.22.2. T\u00f6\u00f6v\u00f5tja ei alusta tellimuse t\u00e4itmist m\u00f5istliku aja \njooksul p\u00e4rast T\u00f6\u00f6v\u00f5tulepingu j\u00f5ustumist v\u00f5i teostab tellimuse \nraames tellitud t\u00f6id nii aeglaselt, et tellimuse t\u00e4itmine \nT\u00f6\u00f6v\u00f5tulepingus kokkulepitud t\u00e4htajaks on ilmselt v\u00f5imatu;<\/p>\n\n\n\n<p>2.22.3. Tellija kirjalikule m\u00e4rkusele vaatamata ei suuda T\u00f6\u00f6v\u00f5tja\n t\u00e4ita temale T\u00f6\u00f6v\u00f5tulepinguga pandud kohustusi kokkulepitud \ntingimustel ning head tava j\u00e4rgides.<\/p>\n\n\n\n<p>2.23 T\u00f6\u00f6v\u00f5tjal on m\u00f5juval p\u00f5hjusel \u00f5igus T\u00f6\u00f6v\u00f5tuleping l\u00f5petada eelk\u00f5ige, kui:<\/p>\n\n\n\n<p>2.23.1. Tellija ei t\u00e4ida T\u00f6\u00f6v\u00f5tulepinguga v\u00f5etud kohustusi;<\/p>\n\n\n\n<p>2.23.2. Tellija l\u00f5petab oma tegevuse v\u00f5i osutub maksuj\u00f5uetuks v\u00f5i tema suhtes kuulutatakse v\u00e4lja pankrott;<\/p>\n\n\n\n<p>2.23.3. Tellija ei t\u00e4ida kirjalikust meeldetuletusest hoolimata T\u00f6\u00f6v\u00f5tulepinguga s\u00e4testatud maksekohustusi.<\/p>\n\n\n\n<p>3. Tellitud kaupade ja t\u00f6\u00f6de \u00fcleandmine ja vastuv\u00f5tmine<\/p>\n\n\n\n<p>3.1. Tellimuse raames tarnitud Kauba ja\/v\u00f5i tellitud t\u00f6\u00f6(de) \nvastuv\u00f5tmisel vormistavad Pooled vastava \u00fcleandmis- vastuv\u00f5tuakti, \nmillele kirjutavad alla Pooled v\u00f5i nende esindajad. Tellija on \nkohustatud Kauba ja\/v\u00f5i tellitud t\u00f6\u00f6de raames tehtud t\u00f6\u00f6 selle \nvastuv\u00f5tmisel \u00fcle vaatama. Pretensioonid Kauba ja\/v\u00f5i tellitud \nt\u00f6\u00f6de raames tehtud t\u00f6\u00f6 kohta on Tellija kohustatud \u00e4ra m\u00e4rkima \n\u00fcleandmis-vastuv\u00f5tuaktis. Hilisemaid pretensioone ei aktsepteerita. \nJuhul kui Tellija keeldub p\u00f5hjendusi esitamata \u00fcleandmis-vastuv\u00f5tu \nakti allkirjastamast, loetakse tellitud Kaup ja\/v\u00f5i Teenused vastu \nv\u00f5etuks ilma pretensioonita.<\/p>\n\n\n\n<p>3.2. T\u00f6\u00f6v\u00f5tja poolt Kauba tarnimisel Tellijale T\u00f6\u00f6v\u00f5tulepingus \netten\u00e4htud kohale eeldatakse, et Tellija asukohas v\u00f5i elukohas Kaupu \nvastuv\u00f5ttev isik omab \u00f5igust Kauba ja\/v\u00f5i tellitud t\u00f6\u00f6(de) \nvastuv\u00f5tmiseks ning \u00fcleandmis- vastuv\u00f5tuakti(de) allkirjastamiseks \nTellija nimel.<\/p>\n\n\n\n<p>3.3. T\u00f6\u00f6v\u00f5tulepingu tingimustele mittevastavuse tuvastamisel on Tellijal \u00f5igus n\u00f5uda puuduste<br>\nk\u00f5rvaldamist. T\u00f6\u00f6v\u00f5tja on kohustatud alustama puuduste k\u00f5rvaldamist\n viivitamatult p\u00e4rast vastava akti saamist Tellijalt, k\u00f5rvaldama k\u00f5ik\n puudused m\u00f5istliku aja jooksul ning andma Kauba ja\/v\u00f5i t\u00f6\u00f6 uuesti \n\u00fcle.<\/p>\n\n\n\n<p>3.4. Kui Pooled ei j\u00f5ua \u00dcldtingimuste alapunkti 3.3. kohaselt \nkinnitatud puuduse suhtes kokkuleppele, kaasatakse akti koostamisse v\u00f5i\n kontrolli teostamisse Poolte poolt aktsepteeritud ekspert v\u00f5i \neksperdid.<\/p>\n\n\n\n<p>3.5. Tellijal on \u00f5igus keelduda tellimusele v\u00f5i kvaliteedi- ja \nkasutusn\u00f5uetele mittevastava Kauba vastuv\u00f5tmisest ja n\u00f5uda Kauba \nasendamist n\u00f5uetekohase Kauba vastu T\u00f6\u00f6v\u00f5tja kulul, v\u00e4lja arvatud \njuhul, kui Kauba puudused olid T\u00f6\u00f6v\u00f5tja poolt eelnevalt Tellijale \nteatatud ning seej\u00e4rel Tellija poolt aktsepteeritud. Kui \nT\u00f6\u00f6v\u00f5tulepingu tingimustele ei vasta tellitud t\u00f6\u00f6(d), v\u00f5ib Tellija\n n\u00f5uda T\u00f6\u00f6v\u00f5tjalt t\u00f6\u00f6 parandamist v\u00f5i uue t\u00f6\u00f6 tegemist, \narvestades tellimuse hinda ja T\u00f6\u00f6v\u00f5tulepingu tingimustele \nmittevastavuse olulisust.<\/p>\n\n\n\n<p>3.6. Tellitud Kauba paigaldus v\u00f5i viimistlust\u00f6\u00f6d teostatakse \nainult juhul, kui Tellija on n\u00f5uetekohaselt ja t\u00e4ielikult tasunud \nT\u00f6\u00f6v\u00f5tulepingu summa koosk\u00f5las \u00dcldtingimuste alapunktiga 4.2.<\/p>\n\n\n\n<p>3.7. T\u00f6\u00f6v\u00f5tjal on \u00f5igus T\u00f6\u00f6v\u00f5tuleping l\u00f5petada ja mitte \ntagastada kuni 100% Tellija poolt tasutud ettemaksust T\u00f6\u00f6v\u00f5tja poolt \nKauba valmistamiseks, kohaletoimetamiseks, komplekteerimiseks v\u00f5i \nhoiustamiseks tehtud kulude h\u00fcvitamiseks, kui Tellija on viivitanud \ntellitud Kauba T\u00f6\u00f6v\u00f5tja laost v\u00e4ljaviimisega \u00fcle kolmk\u00fcmmne (30) \nkalendrip\u00e4eva v\u00f5i kui Tellija keeldub p\u00f5hjendamatult Tellijale \nkohaletoimetatud Kauba ja\/v\u00f5i tellitud Teenuste raames tehtud t\u00f6\u00f6 \nvastuv\u00f5tmisest. \u00dclej\u00e4\u00e4nud Tellija poolt tasutud ettemaksu summa \ntagastab T\u00f6\u00f6v\u00f5tja Tellijale. T\u00f6\u00f6v\u00f5tulepingu l\u00f5petamisest teatab \nT\u00f6\u00f6v\u00f5tja Tellijale kirjalikult.<\/p>\n\n\n\n<p>4. Arveldused<\/p>\n\n\n\n<p>4.1. Oma majandus- v\u00f5i kutsetegevuses tegutsev Tellija tasub \ntellitud Kauba ja\/v\u00f5i Teenuste eest kuni 100% T\u00f6\u00f6v\u00f5tulepingu summast\n ette T\u00f6\u00f6v\u00f5tja poolt esitatud arvete alusel arvel m\u00e4rgitud \nt\u00e4htajaks, kui Pooled ei ole kirjalikult kokku leppinud teisiti. \nTellija-tarbija tasub ettetellimistingimustel tellitud Kauba ja\/v\u00f5i \nTeenuste eest ette kuni 50% T\u00f6\u00f6v\u00f5tulepingu summast vastavalt \nT\u00f6\u00f6v\u00f5tja poolt esitatud arvele.<\/p>\n\n\n\n<p>4.2. Tellija on kohustatud T\u00f6\u00f6v\u00f5tja poolt esitatud arve alusel \ntasuma kogu tellitud Kauba ja\/v\u00f5i Teenuste maksumuse (T\u00f6\u00f6v\u00f5tulepingu\n summa) arvel m\u00e4rgitud kuup\u00e4evaks kas T\u00f6\u00f6v\u00f5tja kassasse v\u00f5i panka \nT\u00f6\u00f6v\u00f5tja arves m\u00e4rgitud arveldusarvele. Maksekorralduses on Tellija \nkohustatud m\u00e4rkima T\u00f6\u00f6v\u00f5tulepingu numbri.<\/p>\n\n\n\n<p>4.3. Kui T\u00f6\u00f6v\u00f5tulepingust loobub Tellija, on T\u00f6\u00f6v\u00f5tjal \u00f5igus \nsaada tasu ettevalmistatud Kauba ja n\u00f5uetekohaselt tehtud t\u00f6\u00f6 eest, \nmillele lisandub 50% T\u00f6\u00f6v\u00f5tulepingu summast. Tellijal ei ole 50% \nT\u00f6\u00f6v\u00f5tulepingu summast tasu maksmise kohustust juhul, kui lepingust \nloobumine oli tingitud T\u00f6\u00f6v\u00f5tja s\u00fc\u00fcl lepinguliste kohustuste \nt\u00e4itmata j\u00e4tmisest ja T\u00f6\u00f6v\u00f5tja s\u00fc\u00fc on dokumentaalselt t\u00f5endatud.<\/p>\n\n\n\n<p>4.4. Kui T\u00f6\u00f6v\u00f5tulepingust loobub T\u00f6\u00f6v\u00f5tja Tellijast s\u00f5ltuvatel\n p\u00f5hjustel, on Tellija kohustatud T\u00f6\u00f6v\u00f5tjale tasuma juba valmistatud\n Kauba ja\/v\u00f5i teostatud t\u00f6\u00f6de eest ning lisaks sellele tasuma \nT\u00f6\u00f6v\u00f5tjale leppetrahvi 50% T\u00f6\u00f6v\u00f5tulepingu summast.<\/p>\n\n\n\n<p>4.5. Kui ettemakse tasunud Tellija tegevuse t\u00f5ttu T\u00f6\u00f6v\u00f5tuleping \nennet\u00e4htaegselt l\u00f5petatakse, j\u00e4\u00e4b ettemaks T\u00f6\u00f6v\u00f5tjale \nT\u00f6\u00f6v\u00f5tulepingu j\u00e4rgi tasumisele kuuluvate maksete v\u00f5i muude \nT\u00f6\u00f6v\u00f5tja poolt \u00f5igustatult n\u00f5utavate ja maksmisele kuuluvate tasude\n katteks.<\/p>\n\n\n\n<p>4.6. Juhul, kui Tellija hilineb maksmisega \u00fcle 10 (k\u00fcmme) p\u00e4eva, \non T\u00f6\u00f6v\u00f5tjal \u00f5igus Leping l\u00f5petada ja n\u00f5uda kahjude h\u00fcvitamist. \nTellija poolt mis tahes makse tasumisega viivitamisel on Tellija \nkohustatud maksma T\u00f6\u00f6v\u00f5tjale viivist 0,5% t\u00e4htajaks tasumata summalt\n iga viivitatud p\u00e4eva eest.<\/p>\n\n\n\n<p>5. Vaidluste lahendamine<\/p>\n\n\n\n<p>5.1. K\u00f5ik T\u00f6\u00f6v\u00f5tulepingu t\u00e4itmisest tulenevad vaidlused \np\u00fc\u00fcavad Pooled lahendada l\u00e4bir\u00e4\u00e4kimiste teel. Kui \nl\u00e4bir\u00e4\u00e4kimistel ei saavutata Pooli rahuldavat kokkulepet, \nlahendatakse vaidlused kostja asukoha v\u00f5i elukoha kohtus. 5.2. \nT\u00f6\u00f6v\u00f5tulepinguga v\u00f5etud kohustuste t\u00e4itmata j\u00e4tmise eest v\u00f5i \nmitten\u00f5uetekohase t\u00e4itmise eest vastutavad Pooled T\u00f6\u00f6v\u00f5tulepinguga \nja Eesti Vabariigi \u00f5igusaktidega etten\u00e4htud korras ja ulatuses.<\/p>\n\n\n\n<p>5.3. Pool h\u00fcvitab teisele Poolele T\u00f6\u00f6v\u00f5tulepingust tulenevate \nkohustuste t\u00e4itmata j\u00e4tmisega v\u00f5i mitten\u00f5uetekohase t\u00e4imisega \ntekitatud varalise kahju v.a saamata j\u00e4\u00e4nud tulu.<\/p>\n\n\n\n<p>5.4. Tellija vastutab T\u00f6\u00f6v\u00f5tja ees t\u00f6\u00f6seisakust tingitud \nt\u00e4iendava kulu v\u00f5i tekkinud kahju eest, v\u00e4lja arvatud juhul, kui \nt\u00f6\u00f6seisak on p\u00f5hjustatud T\u00f6\u00f6v\u00f5tulepinguga vastuolus olevast \nT\u00f6\u00f6v\u00f5tja tegevusest v\u00f5i tegevusetusest.<\/p>\n\n\n\n<p>5.5. T\u00f6\u00f6v\u00f5tulepingust tulenevate kohustuste mittet\u00e4itmist v\u00f5i \nmitten\u00f5uetekohast t\u00e4itmist ei loeta lepingu rikkumiseks, kui selle \np\u00f5hjuseks olid v\u00e4\u00e4ramatu j\u00f5u asjaolud, mida Pooled lepingu \ns\u00f5lmimisel ei n\u00e4inud ette ega saanud ette n\u00e4ha.<\/p>\n\n\n\n<p>6. \u00dclds\u00e4tted<\/p>\n\n\n\n<p>6.1. K\u00f5ik T\u00f6\u00f6v\u00f5tulepingu t\u00e4iendused ja muudatused on kehtivad, \nkui need on vormistatud kirjalikult ja Poolte poolt alla kirjutatud.<\/p>\n\n\n\n<p>6.2. T\u00f6\u00f6v\u00f5tulepingu allkirjastamisega kinnitab Tellija, et \ntellitud Kaupade tehniline lahendus, sh v\u00e4rvus, klaaspaketi t\u00fc\u00fcp, \navatavus, k\u00e4elisus ja akende m\u00f5\u00f5dud vastavad Tellija soovidele. \nHilisemate muudatuste vormistamine t\u00f6\u00f6v\u00f5tulepingus (juhul kui \ntootmine seda v\u00f5imaldab) on tasuline hinnaga 65 EUR\/kord. Lisaks tuleb \nvajadusel h\u00fcvitada ka tootmisega seotud kulutused.<\/p>\n\n\n\n<p>6.3. \u00dcldtingimustes ja T\u00f6\u00f6v\u00f5tulepingus etten\u00e4htud juhtudel \nloetakse teade edastatuks kirjalikus vormis, kui teade on saadetud \nteisele Poolele posti, e-posti v\u00f5i faksi teel.<\/p>\n\n\n\n<p>6.4. T\u00f6\u00f6v\u00f5tja kohustub varustama Tellija Kauba eestikeelsete kasutusjuhendite ja garantiitingimustega.<\/p>\n\n\n\n<p>6.5. T\u00f6\u00f6v\u00f5tuleping j\u00f5ustub selle allakirjutamise hetkest Poolte \npoolt ja kehtib kuni Poolte lepinguliste kohustuste t\u00e4itmiseni v\u00f5i \nl\u00f5ppemiseni muul alusel.<\/p>\n","protected":false},"excerpt":{"rendered":"<p>AS Fenster Alumiinium T\u00f6\u00f6v\u00f5tulepingu \u00dcldtingimused 1. \u00dcldtingimuste ulatus 1.1. K\u00e4esolevad AS Fenster Alumiinium (edaspidi T\u00f6\u00f6v\u00f5tja) T\u00f6\u00f6v\u00f5tulepingu \u00dcldtingimused (edaspidi \u00dcldtingimused) kehtivad k\u00f5igi juriidiliste ja f\u00fc\u00fcsiliste isikute (edaspidi Tellija) suhtes, kes soovivad tellida T\u00f6\u00f6v\u00f5tja ettetellitavate kaupadena nimistus fikseeritud kaupu (edaspidi Kaup v\u00f5i Kaubad) ja\/v\u00f5i teenused (edaspidi Teenus v\u00f5i Teenused). Tellijat ja T\u00f6\u00f6v\u00f5tjat nimetatakse edaspidi \u00dcldtingimustes ja Tellija [&#8230;]<\/p>\n<p><a class=\"btn btn-secondary understrap-read-more-link\" href=\"https:\/\/fenster.ee\/alumiinium\/uldtingimused\/\">Read More&#8230;<\/a><\/p>\n","protected":false},"author":1,"featured_media":0,"parent":0,"menu_order":0,"comment_status":"closed","ping_status":"closed","template":"","meta":{"_acf_changed":false,"advgb_blocks_editor_width":"","advgb_blocks_columns_visual_guide":"","footnotes":""},"class_list":["post-391","page","type-page","status-publish","hentry"],"acf":[],"coauthors":[],"author_meta":{"author_link":"https:\/\/fenster.ee\/alumiinium\/author\/admin\/","display_name":"admin"},"relative_dates":{"created":"Posted 7 aastat ago","modified":"Updated 7 aastat ago"},"absolute_dates":{"created":"Posted on august 9, 2019","modified":"Updated on august 9, 2019"},"absolute_dates_time":{"created":"Posted on august 9, 2019 7:16 e.l.","modified":"Updated on august 9, 2019 7:16 e.l."},"featured_img_caption":"","featured_img":false,"series_order":"","_links":{"self":[{"href":"https:\/\/fenster.ee\/alumiinium\/wp-json\/wp\/v2\/pages\/391","targetHints":{"allow":["GET"]}}],"collection":[{"href":"https:\/\/fenster.ee\/alumiinium\/wp-json\/wp\/v2\/pages"}],"about":[{"href":"https:\/\/fenster.ee\/alumiinium\/wp-json\/wp\/v2\/types\/page"}],"author":[{"embeddable":true,"href":"https:\/\/fenster.ee\/alumiinium\/wp-json\/wp\/v2\/users\/1"}],"replies":[{"embeddable":true,"href":"https:\/\/fenster.ee\/alumiinium\/wp-json\/wp\/v2\/comments?post=391"}],"version-history":[{"count":1,"href":"https:\/\/fenster.ee\/alumiinium\/wp-json\/wp\/v2\/pages\/391\/revisions"}],"predecessor-version":[{"id":392,"href":"https:\/\/fenster.ee\/alumiinium\/wp-json\/wp\/v2\/pages\/391\/revisions\/392"}],"wp:attachment":[{"href":"https:\/\/fenster.ee\/alumiinium\/wp-json\/wp\/v2\/media?parent=391"}],"curies":[{"name":"wp","href":"https:\/\/api.w.org\/{rel}","templated":true}]}}