{"id":140,"date":"2019-07-25T17:04:39","date_gmt":"2019-07-25T17:04:39","guid":{"rendered":"http:\/\/fenster.ee\/alumiinium\/?page_id=140"},"modified":"2019-09-12T17:30:44","modified_gmt":"2019-09-12T17:30:44","slug":"alumiiniumaknad","status":"publish","type":"page","link":"https:\/\/fenster.ee\/alumiinium\/alumiiniumaknad\/","title":{"rendered":"Alumiiniumaknad"},"content":{"rendered":"\n<div class=\"wp-block-media-text alignwide has-media-on-the-right is-stacked-on-mobile textmediablock_imgright\"><figure class=\"wp-block-media-text__media\"><img loading=\"lazy\" decoding=\"async\" width=\"1024\" height=\"576\" src=\"http:\/\/fenster.ee\/alumiinium\/wp-content\/uploads\/2019\/07\/ALUMIINIUM-1024x576-1024x576.jpg\" alt=\"\" class=\"wp-image-158\" srcset=\"https:\/\/fenster.ee\/alumiinium\/wp-content\/uploads\/2019\/07\/ALUMIINIUM-1024x576.jpg 1024w, https:\/\/fenster.ee\/alumiinium\/wp-content\/uploads\/2019\/07\/ALUMIINIUM-1024x576-300x169.jpg 300w, https:\/\/fenster.ee\/alumiinium\/wp-content\/uploads\/2019\/07\/ALUMIINIUM-1024x576-768x432.jpg 768w\" sizes=\"auto, (max-width: 1024px) 100vw, 1024px\" \/><\/figure><div class=\"wp-block-media-text__content\">\n<h2 class=\"textblock__rightpadding wp-block-heading\">Kaasaegsed alumiiniumaknad<\/h2>\n\n\n\n<p style=\"text-align:left\" class=\"textblock__rightpadding\">Alumiiniumakende eeliseks on tasane ja sile pind, toodete selge geomeetriline vorm, tulekindlus, k\u00f5rged heli- ja soojapidavuse n\u00e4itajad ning lai pinnaviimistluse valik.<\/p>\n<\/div><\/div>\n\n\n\n<div style=\"height:50px\" aria-hidden=\"true\" class=\"wp-block-spacer\"><\/div>\n\n\n\n<p><strong>Alumiiniumklaasimine jaguneb tinglikult kaheks t\u00fc\u00fcbiks \u2013 \u201ek\u00fclm\u201c ja \u201esoe\u201c.<\/strong><\/p>\n\n\n\n<p><strong>K\u00fclmad alumiiniumaknad&nbsp;<\/strong>on m\u00f5eldud k\u00fctmata ruumide \nklaasimiseks \u2013 r\u00f5dud ja lod\u017ead, tuulekojad, sissep\u00e4\u00e4sud, verandad jne. \nSelliste akende profiil on \u00f5\u00f5nes, \u00fchekambriline, ilma \ntermolisanditeta.&nbsp;Antud akendele ei esitata suuri energias\u00e4\u00e4stlike \nn\u00f5udmisi, seega on nende furnituur&nbsp; kergendatud, t\u00e4nu millele ka hind \nsoodsam.<\/p>\n\n\n\n<p><strong>Soojade alumiiniumakende&nbsp;<\/strong>kasutamise v\u00f5imalusi on \nv\u00e4ga palju \u2013 t\u00f6\u00f6stuslikud ja \u00fchiskondlikud hooned, eramajad ja \nlinnakorterid. Sooje alumiiniumaknaid&nbsp; kasutatakse sageli vanade hoonete\n restaureerimisel kuna sest alumiinium v\u00f5imaldab imiteerida vanade \naegade stiili.<br>\nSoe profiil koosneb kolmest osast ( kaks alumiiniumist + termosild), iga\n osa neist valmistatakse eraldi ja juba hiljem \u00fchendatakse. \nAlumiiniumprofiil pressitakse kasutades v\u00f5imsaid h\u00fcdraulilisi presse. \nProfiil termolisandi jaoks pressitakse samuti. Valmistamisel kasutatakse\n pol\u00fcamiidi (v\u00f5i pol\u00fctermiid) selleks, et t\u00f5sta armeeritud klaaskiu \nvastupidavust.<\/p>\n\n\n\n<p>Alumiiniumaken on alati meeldiv vaatepilt. Meil on olemas \nalumiiniumprofiilid iga maja jaoks. Alates klassikalistest ja \nromantilistest kuni rangete ja kaasaegseteni. Nad on k\u00e4ttesaadavad enam \nkui 400 v\u00e4rvitoonis nii sise- kui v\u00e4lispooltele. Valides alumiiniumi, \nvalite ilma probleemideta elukvaliteedi sest&nbsp; alumiinium on \u00fcks \nvastupidavamatest ehitusmaterjalidest, mis ei n\u00f5ua erilist hoolt ja \ntagab k\u00f5rge turvalisuse !<\/p>\n\n\n\n<div style=\"height:50px\" aria-hidden=\"true\" class=\"wp-block-spacer\"><\/div>\n\n\n\n<p><\/p>\n\n\n\n<p><\/p>\n","protected":false},"excerpt":{"rendered":"<p>Kaasaegsed alumiiniumaknad Alumiiniumakende eeliseks on tasane ja sile pind, toodete selge geomeetriline vorm, tulekindlus, k\u00f5rged heli- ja soojapidavuse n\u00e4itajad ning lai pinnaviimistluse valik. Alumiiniumklaasimine jaguneb tinglikult kaheks t\u00fc\u00fcbiks \u2013 \u201ek\u00fclm\u201c ja \u201esoe\u201c. K\u00fclmad alumiiniumaknad&nbsp;on m\u00f5eldud k\u00fctmata ruumide klaasimiseks \u2013 r\u00f5dud ja lod\u017ead, tuulekojad, sissep\u00e4\u00e4sud, verandad jne. Selliste akende profiil on \u00f5\u00f5nes, \u00fchekambriline, ilma termolisanditeta.&nbsp;Antud akendele [&#8230;]<\/p>\n<p><a class=\"btn btn-secondary understrap-read-more-link\" href=\"https:\/\/fenster.ee\/alumiinium\/alumiiniumaknad\/\">Read More&#8230;<\/a><\/p>\n","protected":false},"author":1,"featured_media":0,"parent":0,"menu_order":0,"comment_status":"closed","ping_status":"closed","template":"template-tooted.php","meta":{"_acf_changed":false,"advgb_blocks_editor_width":"","advgb_blocks_columns_visual_guide":"","footnotes":""},"class_list":["post-140","page","type-page","status-publish","hentry"],"acf":[],"coauthors":[],"author_meta":{"author_link":"https:\/\/fenster.ee\/alumiinium\/author\/admin\/","display_name":"admin"},"relative_dates":{"created":"Posted 7 aastat ago","modified":"Updated 7 aastat ago"},"absolute_dates":{"created":"Posted on juuli 25, 2019","modified":"Updated on september 12, 2019"},"absolute_dates_time":{"created":"Posted on juuli 25, 2019 5:04 p.l.","modified":"Updated on september 12, 2019 5:30 p.l."},"featured_img_caption":"","featured_img":false,"series_order":"","_links":{"self":[{"href":"https:\/\/fenster.ee\/alumiinium\/wp-json\/wp\/v2\/pages\/140","targetHints":{"allow":["GET"]}}],"collection":[{"href":"https:\/\/fenster.ee\/alumiinium\/wp-json\/wp\/v2\/pages"}],"about":[{"href":"https:\/\/fenster.ee\/alumiinium\/wp-json\/wp\/v2\/types\/page"}],"author":[{"embeddable":true,"href":"https:\/\/fenster.ee\/alumiinium\/wp-json\/wp\/v2\/users\/1"}],"replies":[{"embeddable":true,"href":"https:\/\/fenster.ee\/alumiinium\/wp-json\/wp\/v2\/comments?post=140"}],"version-history":[{"count":44,"href":"https:\/\/fenster.ee\/alumiinium\/wp-json\/wp\/v2\/pages\/140\/revisions"}],"predecessor-version":[{"id":579,"href":"https:\/\/fenster.ee\/alumiinium\/wp-json\/wp\/v2\/pages\/140\/revisions\/579"}],"wp:attachment":[{"href":"https:\/\/fenster.ee\/alumiinium\/wp-json\/wp\/v2\/media?parent=140"}],"curies":[{"name":"wp","href":"https:\/\/api.w.org\/{rel}","templated":true}]}}