{"id":672,"date":"2019-08-09T07:17:21","date_gmt":"2019-08-09T07:17:21","guid":{"rendered":"https:\/\/fenster.ee\/alumiinium\/garantiitingimused\/"},"modified":"2019-11-12T09:55:11","modified_gmt":"2019-11-12T09:55:11","slug":"garantiitingimused","status":"publish","type":"page","link":"https:\/\/fenster.ee\/alumiinium\/fi\/garantiitingimused\/","title":{"rendered":"Garantiitingimused"},"content":{"rendered":"\n<p>Fenster Alumiinium ASi poolt garantiitingimused alumiiniumi toodele<\/p>\n\n\n\n<p>1. Garantiitingimused<\/p>\n\n\n\n<p>1.1. Garantii kehtib vastavalt k\u00e4esolevatele garantiitingimustele. \nGarantii ei v\u00e4lista tarbijal mistahes Eesti Vabariigi seadustest \ntulenevate \u00f5iguste kasutamist.<\/p>\n\n\n\n<p>1.2. Garantiit\u00e4htajaks on 2 aastat alates \narve-saatelehe\/m\u00fc\u00fcgikviitungi v\u00e4ljastamisest ja toote \u00fcleandmisest \ntarbijale. Toote parandamise puhul garantiit\u00e4htajal pikeneb garantii \nparandamise aja kestuse v\u00f5rra.<\/p>\n\n\n\n<p>1.3. Aknale antav garantii kehtib alumiiniumi materjali keemilise \nvastupidavuse, alumiiniumi materjali v\u00e4rvip\u00fcsivuse, alumiiniumi \nmaterjali valguse ja ilmastikukindluse, sulustuss\u00fcsteemi (k\u00e4epide, \nhinged, lukud) t\u00f6\u00f6kindluse, aknanurkade keevitusliidete mittepurunemise,\n akna veepidavuse, klaaspaketide niiskuse- tolmukindluse kohta.<br>\nPikendatud garantii kehtib juhul, kui tellija on s\u00f5lminud hoolduslepingu\n ja t\u00e4idetakse k\u00f5ik tingimused. 1-aastane garantii kehtib liikuvatele \nosadele ilma hoolduslepinguta. Garantii h\u00f5lmab toote materjali ja \npaigaldust. Garantii ei laiene toote kulumisest ja\/v\u00f5i valest kasutusest\n tulenevatele defektidele.<\/p>\n\n\n\n<p>1.4. Defekti ilmnemisel seisneb M\u00fc\u00fcja garantii defektse osa remondis \nv\u00f5i uuega asendamises. Kui aknad ei vasta olulisel m\u00e4\u00e4ral Lepingus \nkokkulepitud tingimustele v\u00f5i seda ei saa olulisel m\u00e4\u00e4ral kasutada \netten\u00e4htud otstarbel kohustub M\u00fc\u00fcja garantiit\u00e4htaja jooksul tasuta aknad\n korda tegema.<\/p>\n\n\n\n<p>1.5. Garantii alla ei kuulu m\u00fc\u00fcgieseme loomulik kulumine, \nhooldust\u00f6\u00f6d, eba\u00f5igest kasutamisest ja hooldamisest tingitud defektid, \naknas kasutatavate materjalide pinnavigastused (kraaped, muljumised), \nkui need on tekkinud peale toodete vastuv\u00f5tmist ostja poolt, vandalismi \nja muu f\u00fc\u00fcsilise vagivalla k\u00e4igus tekkinud vigastused, klaaspaketi \ntermiline purunemine.<\/p>\n\n\n\n<p>1.6. Garantii ei kehti, kui:<\/p>\n\n\n\n<p>-ostetud tootel ilmnevad puudused peale toote \u00fcleandmist tarbijale;<br>\n-kui toodet on remonditud teenindusasutuses, mis ei ole k\u00e4esolevates \ngarantiitingimustes garantiiteenust osutavate asutuste loetelus;<br>\n-kui erapooletu ekspertiis teeb kindlaks, et puudus ei kuulu garantii alla;<br>\n-tarbija s\u00fc\u00fclisest tegevusest v\u00f5i tegevusetusest;<br>\n-akna eba\u00f5igel paigaldamisel ilmnenud probleemid, kui paigaldajaks ei olnud garantiiandja v\u00f5i garantiiandja esindaja;<br>\n\u2013 k\u00f5venenud vaht ei olnud kaitstud otsesest UV kiirgusest.<\/p>\n\n\n\n<p>1.7. Garantiit\u00e4htaja m\u00f6\u00f6dumisel v\u00f5i seaduses v\u00f5i lepingus etten\u00e4htud juhul M\u00fc\u00fcja garantiist tulenevad kohustused l\u00f5pevad.<\/p>\n\n\n\n<p>1.8. Garantii ei laiene tekkinud puudustele juhul, kui akna paigaldus\n ei vasta aknavalmistaja paigaldusjuhendile (v.a. kui akna paigalduse \nteostas M\u00fc\u00fcja), Ostja kasutab aknaid selleks mitteetten\u00e4htud \neesm\u00e4rkidel, aknaid ei kasutata koosk\u00f5las kasutusjuhendiga, aknaid on \ngarantii aja jooksul remondinud v\u00f5i parandanud Ostja v\u00f5i kolmas isik, \nOstja on iseseisvalt aknaid t\u00e4iendanud v\u00f5i modifitseerunud.<\/p>\n\n\n\n<p>1.9. Garantii kehtib \u00fcksnes n\u00f5uetekohase originaalm\u00fc\u00fcgidokumendi esitamisel.<\/p>\n\n\n\n<p>Pretensioon tuleb tarbijal kirjalikult esitada 2 (kahe) kuu jooksul \npuudusest teada saamisest arvates. Toote puuduse ilmnemisel tuleb \nkoheselt l\u00f5petada toote kasutamine ja p\u00f6\u00f6rduda k\u00e4esolevates \ngarantiitingimustes nimetatud garantiiteenuse t\u00f6\u00f6koja poole.<\/p>\n\n\n\n<p>1.10. Garantiid teostab Fenster Alumiinium AS. Garantiijuhtumi \nilmnemisel tuleb p\u00f6\u00f6rduda Fenster Alumiinium AS esindusse, v\u00f5ttes kaasa \nostu-m\u00fc\u00fcgilepingu v\u00f5i esitades t\u00e4idetult kasutusjuhendis oleva \ngarantiitalong.<\/p>\n\n\n\n<p>1.11. Kauba omandi\u00f5iguse muutumine ei m\u00f5juta M\u00fc\u00fcja ostu-m\u00fc\u00fcgilepingust tulenevat garantiikohustust.<\/p>\n\n\n\n<p>1.12. Toodete transport t\u00f6\u00f6kotta v\u00f5i garantiiremondi teostaja s\u00f5it kohale toimub garantiiandja kulul ning on tarbijale tasuta.<\/p>\n\n\n\n<p>1.13. Garantiiremont teostatakse m\u00f5istliku aja jooksul sellest teada saamisest arvates.<\/p>\n\n\n\n<p>2. Tarbija \u00f5igused<\/p>\n\n\n\n<p>2.1. Tarbijal on \u00f5igus n\u00f5uda ostetud toote garantiis etten\u00e4htud \ntingimustel tasuta parandamist v\u00f5i v\u00e4lja vahetamist, kui parandamine ei \nanna soovitud tulemusi.<\/p>\n\n\n\n<p>2.2. Tarbijal on \u00f5igus saada vahetatud tootele v\u00f5i toote osale algse m\u00fc\u00fcgigarantiiga sama kestvusega uus garantii.<\/p>\n\n\n\n<p>2.3. Lisaks garantiist tulenevatele \u00f5igustele on tarbijal ka muud seadusest tulenevad \u00f5igused.<\/p>\n\n\n\n<p><strong>Garantii teostaja: Fenster Alumiinium AS, T\u00f6\u00f6stuse 1, Lagedi, Harjumaa, Eesti Vabariik. Telefon: 6 388 312.<br>\n<\/strong><br>\n<strong>Raynaers Aluminium NV\/SA annab oma garantii \u201c10Y SYSTEM GARANTEE\u201d.<\/strong><\/p>\n","protected":false},"excerpt":{"rendered":"<p>Fenster Alumiinium ASi poolt garantiitingimused alumiiniumi toodele 1. Garantiitingimused 1.1. Garantii kehtib vastavalt k\u00e4esolevatele garantiitingimustele. Garantii ei v\u00e4lista tarbijal mistahes Eesti Vabariigi seadustest tulenevate \u00f5iguste kasutamist. 1.2. Garantiit\u00e4htajaks on 2 aastat alates arve-saatelehe\/m\u00fc\u00fcgikviitungi v\u00e4ljastamisest ja toote \u00fcleandmisest tarbijale. Toote parandamise puhul garantiit\u00e4htajal pikeneb garantii parandamise aja kestuse v\u00f5rra. 1.3. Aknale antav garantii kehtib alumiiniumi materjali [&#8230;]<\/p>\n<p><a class=\"btn btn-secondary understrap-read-more-link\" href=\"https:\/\/fenster.ee\/alumiinium\/fi\/garantiitingimused\/\">Read More&#8230;<\/a><\/p>\n","protected":false},"author":1,"featured_media":0,"parent":0,"menu_order":0,"comment_status":"closed","ping_status":"closed","template":"","meta":{"_acf_changed":false,"advgb_blocks_editor_width":"","advgb_blocks_columns_visual_guide":"","footnotes":""},"class_list":["post-672","page","type-page","status-publish","hentry"],"acf":[],"coauthors":[],"author_meta":{"author_link":"https:\/\/fenster.ee\/alumiinium\/fi\/author\/admin\/","display_name":"admin"},"relative_dates":{"created":"Posted 7 vuotta ago","modified":"Updated 6 vuotta ago"},"absolute_dates":{"created":"Posted on 9 elokuun, 2019","modified":"Updated on 12 marraskuun, 2019"},"absolute_dates_time":{"created":"Posted on 9 elokuun, 2019 7:17 am","modified":"Updated on 12 marraskuun, 2019 9:55 am"},"featured_img_caption":"","featured_img":false,"series_order":"","_links":{"self":[{"href":"https:\/\/fenster.ee\/alumiinium\/fi\/wp-json\/wp\/v2\/pages\/672","targetHints":{"allow":["GET"]}}],"collection":[{"href":"https:\/\/fenster.ee\/alumiinium\/fi\/wp-json\/wp\/v2\/pages"}],"about":[{"href":"https:\/\/fenster.ee\/alumiinium\/fi\/wp-json\/wp\/v2\/types\/page"}],"author":[{"embeddable":true,"href":"https:\/\/fenster.ee\/alumiinium\/fi\/wp-json\/wp\/v2\/users\/1"}],"replies":[{"embeddable":true,"href":"https:\/\/fenster.ee\/alumiinium\/fi\/wp-json\/wp\/v2\/comments?post=672"}],"version-history":[{"count":1,"href":"https:\/\/fenster.ee\/alumiinium\/fi\/wp-json\/wp\/v2\/pages\/672\/revisions"}],"predecessor-version":[{"id":673,"href":"https:\/\/fenster.ee\/alumiinium\/fi\/wp-json\/wp\/v2\/pages\/672\/revisions\/673"}],"wp:attachment":[{"href":"https:\/\/fenster.ee\/alumiinium\/fi\/wp-json\/wp\/v2\/media?parent=672"}],"curies":[{"name":"wp","href":"https:\/\/api.w.org\/{rel}","templated":true}]}}