{"id":667,"date":"2019-09-04T14:32:36","date_gmt":"2019-09-04T14:32:36","guid":{"rendered":"https:\/\/fenster.ee\/alumiinium\/firmast\/"},"modified":"2022-04-09T12:00:16","modified_gmt":"2022-04-09T12:00:16","slug":"firmast","status":"publish","type":"page","link":"https:\/\/fenster.ee\/alumiinium\/fi\/firmast\/","title":{"rendered":"Meist\u00e4"},"content":{"rendered":"\n<div style=\"height:30px\" aria-hidden=\"true\" class=\"wp-block-spacer\"><\/div>\n\n\n\n<p class=\"has-text-align-center textblock__leftpadding\">FENSTER-tuotemerkki perustettiin vuonna 1998. Nyky\u00e4\u00e4n yritys on Viron johtava alumiini-ikkunoiden, ovien ja julkisivurakenteiden valmistaja ja asentaja.<\/p>\n\n\n\n<p class=\"has-text-align-center textblock__leftpadding\">Huipputekniset alumiinijulkisivuj\u00e4rjestelm\u00e4t valmistuvat modernissa tehtaassa l\u00e4hell\u00e4 Tallinnaa. Miss\u00e4 mik\u00e4\u00e4n erityinen ratkaisu ei ole liian monimutkaine <\/p>\n\n\n\n<p class=\"has-text-align-center\">Vuodesta 2004 FENSTERill\u00e4 on ollut tyt\u00e4ryhti\u00f6 Pietarissa, jolla on oma tuotantopohja ja tiimi, ja se palvelee asiakkaita nelj\u00e4ss\u00e4 toimistossa Pietarissa ja Leningradin alueella.<\/p>\n\n\n\n<p class=\"has-text-align-center\">Vuonna 2010 p\u00e4\u00e4tettiin lopettaa toiminta Pietarissa ja Leningradin alueella poliittisten ja taloudellisista syist\u00e4.<\/p>\n\n\n\n<p class=\"has-text-align-center textblock__leftpadding\">Vuonna 2005 perustettiin LogiFenster Riikaan edist\u00e4m\u00e4\u00e4n tuotantoa Latvian markkinoilla nimell\u00e4 FENSTER.<\/p>\n\n\n\n<p><\/p>\n\n\n\n<p><\/p>\n\n\n\n<figure class=\"wp-block-embed-youtube wp-block-embed is-type-video is-provider-youtube wp-embed-aspect-16-9 wp-has-aspect-ratio\"><div class=\"wp-block-embed__wrapper\">\n<iframe loading=\"lazy\" title=\"Fenster Aluminium AS Factory Promo\" width=\"640\" height=\"360\" src=\"https:\/\/www.youtube.com\/embed\/lJtb0m9ldys?feature=oembed\" frameborder=\"0\" allow=\"accelerometer; autoplay; clipboard-write; encrypted-media; gyroscope; picture-in-picture; web-share\" referrerpolicy=\"strict-origin-when-cross-origin\" allowfullscreen><\/iframe>\n<\/div><\/figure>\n","protected":false},"excerpt":{"rendered":"<p>FENSTER-tuotemerkki perustettiin vuonna 1998. Nyky\u00e4\u00e4n yritys on Viron johtava alumiini-ikkunoiden, ovien ja julkisivurakenteiden valmistaja ja asentaja. Huipputekniset alumiinijulkisivuj\u00e4rjestelm\u00e4t valmistuvat modernissa tehtaassa l\u00e4hell\u00e4 Tallinnaa. Miss\u00e4 mik\u00e4\u00e4n erityinen ratkaisu ei ole liian monimutkaine Vuodesta 2004 FENSTERill\u00e4 on ollut tyt\u00e4ryhti\u00f6 Pietarissa, jolla on oma tuotantopohja ja tiimi, ja se palvelee asiakkaita nelj\u00e4ss\u00e4 toimistossa Pietarissa ja Leningradin alueella. Vuonna [&#8230;]<\/p>\n<p><a class=\"btn btn-secondary understrap-read-more-link\" href=\"https:\/\/fenster.ee\/alumiinium\/fi\/firmast\/\">Read More&#8230;<\/a><\/p>\n","protected":false},"author":1,"featured_media":0,"parent":0,"menu_order":0,"comment_status":"closed","ping_status":"closed","template":"template-aboutus.php","meta":{"_acf_changed":false,"advgb_blocks_editor_width":"","advgb_blocks_columns_visual_guide":"","footnotes":""},"class_list":["post-667","page","type-page","status-publish","hentry"],"acf":[],"coauthors":[],"author_meta":{"author_link":"https:\/\/fenster.ee\/alumiinium\/fi\/author\/admin\/","display_name":"admin"},"relative_dates":{"created":"Posted 7 vuotta ago","modified":"Updated 4 vuotta ago"},"absolute_dates":{"created":"Posted on 4 syyskuun, 2019","modified":"Updated on 9 huhtikuun, 2022"},"absolute_dates_time":{"created":"Posted on 4 syyskuun, 2019 2:32 pm","modified":"Updated on 9 huhtikuun, 2022 12:00 pm"},"featured_img_caption":"","featured_img":false,"series_order":"","_links":{"self":[{"href":"https:\/\/fenster.ee\/alumiinium\/fi\/wp-json\/wp\/v2\/pages\/667","targetHints":{"allow":["GET"]}}],"collection":[{"href":"https:\/\/fenster.ee\/alumiinium\/fi\/wp-json\/wp\/v2\/pages"}],"about":[{"href":"https:\/\/fenster.ee\/alumiinium\/fi\/wp-json\/wp\/v2\/types\/page"}],"author":[{"embeddable":true,"href":"https:\/\/fenster.ee\/alumiinium\/fi\/wp-json\/wp\/v2\/users\/1"}],"replies":[{"embeddable":true,"href":"https:\/\/fenster.ee\/alumiinium\/fi\/wp-json\/wp\/v2\/comments?post=667"}],"version-history":[{"count":16,"href":"https:\/\/fenster.ee\/alumiinium\/fi\/wp-json\/wp\/v2\/pages\/667\/revisions"}],"predecessor-version":[{"id":2277,"href":"https:\/\/fenster.ee\/alumiinium\/fi\/wp-json\/wp\/v2\/pages\/667\/revisions\/2277"}],"wp:attachment":[{"href":"https:\/\/fenster.ee\/alumiinium\/fi\/wp-json\/wp\/v2\/media?parent=667"}],"curies":[{"name":"wp","href":"https:\/\/api.w.org\/{rel}","templated":true}]}}