{"id":657,"date":"2019-09-10T09:41:28","date_gmt":"2019-09-10T09:41:28","guid":{"rendered":"https:\/\/fenster.ee\/alumiinium\/liuguksed\/"},"modified":"2020-04-06T13:15:34","modified_gmt":"2020-04-06T13:15:34","slug":"liuguksed","status":"publish","type":"page","link":"https:\/\/fenster.ee\/alumiinium\/fi\/liuguksed\/","title":{"rendered":"Liukuovet"},"content":{"rendered":"\n<div class=\"wp-block-media-text alignwide has-media-on-the-right is-stacked-on-mobile textmediablock_imgright\"><figure class=\"wp-block-media-text__media\"><img loading=\"lazy\" decoding=\"async\" width=\"641\" height=\"418\" src=\"http:\/\/fenster.ee\/alumiinium\/wp-content\/uploads\/2019\/09\/liuguksed.jpg\" alt=\"\" class=\"wp-image-552\" srcset=\"https:\/\/fenster.ee\/alumiinium\/wp-content\/uploads\/2019\/09\/liuguksed.jpg 641w, https:\/\/fenster.ee\/alumiinium\/wp-content\/uploads\/2019\/09\/liuguksed-300x196.jpg 300w\" sizes=\"auto, (max-width: 641px) 100vw, 641px\" \/><\/figure><div class=\"wp-block-media-text__content\">\n<p><\/p>\n\n\n\n<p style=\"text-align:left\" class=\"textblock__rightpadding\">Nykyaikaisen arkkitehtuurin tavoitteena on minimoida rakennuksen sis\u00e4- ja ulkotilojen v\u00e4linen este maksimaalisen mukavuuden ja avaruustehokkuuden saavuttamiseksi. Liukuovet ja taitto-ovet tarjoavat t\u00e4ydellisen ratkaisun n\u00e4ihin erityistarpeisiin. Ne luovat suuria lasitettuja alueita ja sallivat enemm\u00e4n luonnollista valoa p\u00e4\u00e4st\u00e4 kotiin, minimoimalla tilan k\u00e4yt\u00f6n.<\/p>\n<\/div><\/div>\n\n\n\n<div style=\"height:20px\" aria-hidden=\"true\" class=\"wp-block-spacer\"><\/div>\n\n\n\n<p><strong>Avoin kaikille mahdollisuuksille<\/strong><\/p>\n\n\n\n<p>Tarjoamalla ratkaisun kaikkiin sovelluksiin, Reynaers-liuku- ja taitej\u00e4rjestelm\u00e4t tarjoavat eritt\u00e4in laajan valikoiman manuaalisia ja automaattisia avausvaihtoehtoja; monokiskoista, jotka voivat kadota sein\u00e4\u00e4n, moniraiteisiin ratkaisuihin, jotka luovat valtavia avoimia alueita, taittoj\u00e4rjestelmiin, jotka tarjoavat lopullisen ratkaisun ulkoilman tuomiseen sis\u00e4\u00e4n.<\/p>\n\n\n\n<p>Yhteenvetona voidaan todeta, ett\u00e4 eri vaihtoehdot ovat:<\/p>\n\n\n\n<p>Yksisilm\u00e4inen yhdist\u00e4\u00e4 liikkuvan osan kiinte\u00e4\u00e4n lasitettuun elementtiin. Lasitettu elementti on kiinnitetty suoraan runko-osaprofiiliin, mik\u00e4 luo minimalistisen ilmeen. Yksirei&#8217;inen liukuva elementti voi my\u00f6s kadota sein\u00e4\u00e4n valitsemasi j\u00e4rjestelm\u00e4n mukaan.<br>\nKaksiraiteisiin on integroitu 2 lasitettua aukkoa, joilla on samanlainen ulkon\u00e4k\u00f6, jolloin syntyy esteettinen liukuovi.<br>\n3 ja 4 kiskovaihtoehto integroi lis\u00e4kiskot ulkokehykseen mahdollistaen ylim\u00e4\u00e4r\u00e4isten aukkojen asentamisen. T\u00e4m\u00e4 ratkaisu mahdollistaa paljon suuremman alueen avaamisen.<br>\nLiukutaitto-ovij\u00e4rjestelm\u00e4 tai kaksinkertainen ovi luo \u00e4\u00e4rimm\u00e4isen avoimen tilan. T\u00e4ss\u00e4 j\u00e4rjestelm\u00e4ss\u00e4 lasitetut elementit taitetaan rakennuksen sis\u00e4- tai ulkopuolelle kiskoa k\u00e4ytt\u00e4m\u00e4ll\u00e4.<br>\nMukavuuskysymys \u2026<\/p>\n\n\n\n<p>Alumiinin k\u00e4ytt\u00e4minen n\u00e4ihin elementteihin on itsest\u00e4\u00e4n selv\u00e4 valinta, koska materiaali noudattaa niin suurille lasitetuille alueille vaadittavaa lujuutta ja stabiilisuutta.<\/p>\n\n\n\n<p>Liukuelementtien avaamisen helpottamiseksi Reynaers tarjoaa sek\u00e4 korkealaatuisia liuku- ett\u00e4 nosto- ja liukuratkaisuja ruostumattomasta ter\u00e4ksest\u00e4 valmistetuilla py\u00f6rill\u00e4 ja kiskoilla. Liukuratkaisut ovat t\u00e4ysin kest\u00e4vi\u00e4 ja ergonomisia tavanomaisille liukuosille. Helppouden lis\u00e4\u00e4miseksi tarjoamme my\u00f6s nosto- ja liukuratkaisuja, joissa liukuovi nostetaan yl\u00f6s ennen siirtymist\u00e4 kiskojen yli. Samanaikaisesti t\u00e4m\u00e4 tarjoaa ylim\u00e4\u00e4r\u00e4isi\u00e4 tiivistys- ja lukitusvaihtoehtoja. Suurimman mukavuuden saavuttamiseksi on saatavana my\u00f6s t\u00e4ysin automatisoitu liukuovi.<\/p>\n\n\n\n<p>\u2026 Ja suunnittelu<\/p>\n\n\n\n<p>Liukuj\u00e4rjestelmiemme huolto on v\u00e4h\u00e4ist\u00e4, ja niiss\u00e4 on erilainen eristys ja turvallisuus.<\/p>\n\n\n\n<p>Loputon v\u00e4ri- ja viimeistelyvalikoima vaihtelee mattapintaisesta, kiilt\u00e4v\u00e4st\u00e4 tai metallisesta pintak\u00e4sittelyst\u00e4, puutehosteesta erityiseen v\u00e4h\u00e4n huoltoa vaativaan ja naarmuuntumattomaan Coatex-viimeistelyyn. Voit valita erilaisen viimeistelyn liukuoven sis\u00e4- ja ulkopuolelta, mik\u00e4 sopii t\u00e4ydellisesti talosi sis\u00e4- ja ulkotiloihin.<\/p>\n\n\n\n<p><\/p>\n\n\n\n<p><\/p>\n\n\n\n<p><\/p>\n\n\n\n<p><\/p>\n\n\n\n<p><\/p>\n\n\n\n<p><\/p>\n\n\n\n<p><\/p>\n\n\n\n<div style=\"height:50px\" aria-hidden=\"true\" class=\"wp-block-spacer\"><\/div>\n","protected":false},"excerpt":{"rendered":"<p>Nykyaikaisen arkkitehtuurin tavoitteena on minimoida rakennuksen sis\u00e4- ja ulkotilojen v\u00e4linen este maksimaalisen mukavuuden ja avaruustehokkuuden saavuttamiseksi. Liukuovet ja taitto-ovet tarjoavat t\u00e4ydellisen ratkaisun n\u00e4ihin erityistarpeisiin. Ne luovat suuria lasitettuja alueita ja sallivat enemm\u00e4n luonnollista valoa p\u00e4\u00e4st\u00e4 kotiin, minimoimalla tilan k\u00e4yt\u00f6n. Avoin kaikille mahdollisuuksille Tarjoamalla ratkaisun kaikkiin sovelluksiin, Reynaers-liuku- ja taitej\u00e4rjestelm\u00e4t tarjoavat eritt\u00e4in laajan valikoiman manuaalisia ja [&#8230;]<\/p>\n<p><a class=\"btn btn-secondary understrap-read-more-link\" href=\"https:\/\/fenster.ee\/alumiinium\/fi\/liuguksed\/\">Read More&#8230;<\/a><\/p>\n","protected":false},"author":1,"featured_media":0,"parent":0,"menu_order":0,"comment_status":"closed","ping_status":"closed","template":"template-tooted.php","meta":{"_acf_changed":false,"advgb_blocks_editor_width":"","advgb_blocks_columns_visual_guide":"","footnotes":""},"class_list":["post-657","page","type-page","status-publish","hentry"],"acf":[],"coauthors":[],"author_meta":{"author_link":"https:\/\/fenster.ee\/alumiinium\/fi\/author\/admin\/","display_name":"admin"},"relative_dates":{"created":"Posted 7 vuotta ago","modified":"Updated 6 vuotta ago"},"absolute_dates":{"created":"Posted on 10 syyskuun, 2019","modified":"Updated on 6 huhtikuun, 2020"},"absolute_dates_time":{"created":"Posted on 10 syyskuun, 2019 9:41 am","modified":"Updated on 6 huhtikuun, 2020 1:15 pm"},"featured_img_caption":"","featured_img":false,"series_order":"","_links":{"self":[{"href":"https:\/\/fenster.ee\/alumiinium\/fi\/wp-json\/wp\/v2\/pages\/657","targetHints":{"allow":["GET"]}}],"collection":[{"href":"https:\/\/fenster.ee\/alumiinium\/fi\/wp-json\/wp\/v2\/pages"}],"about":[{"href":"https:\/\/fenster.ee\/alumiinium\/fi\/wp-json\/wp\/v2\/types\/page"}],"author":[{"embeddable":true,"href":"https:\/\/fenster.ee\/alumiinium\/fi\/wp-json\/wp\/v2\/users\/1"}],"replies":[{"embeddable":true,"href":"https:\/\/fenster.ee\/alumiinium\/fi\/wp-json\/wp\/v2\/comments?post=657"}],"version-history":[{"count":1,"href":"https:\/\/fenster.ee\/alumiinium\/fi\/wp-json\/wp\/v2\/pages\/657\/revisions"}],"predecessor-version":[{"id":1440,"href":"https:\/\/fenster.ee\/alumiinium\/fi\/wp-json\/wp\/v2\/pages\/657\/revisions\/1440"}],"wp:attachment":[{"href":"https:\/\/fenster.ee\/alumiinium\/fi\/wp-json\/wp\/v2\/media?parent=657"}],"curies":[{"name":"wp","href":"https:\/\/api.w.org\/{rel}","templated":true}]}}