{"id":647,"date":"2019-09-10T09:49:53","date_gmt":"2019-09-10T09:49:53","guid":{"rendered":"https:\/\/fenster.ee\/alumiinium\/klaasfassaadid\/"},"modified":"2020-04-06T13:05:48","modified_gmt":"2020-04-06T13:05:48","slug":"klaasfassaadid","status":"publish","type":"page","link":"https:\/\/fenster.ee\/alumiinium\/fi\/klaasfassaadid\/","title":{"rendered":"Julkisivut"},"content":{"rendered":"\n<div class=\"wp-block-columns has-3-columns is-layout-flex wp-container-core-columns-is-layout-9d6595d7 wp-block-columns-is-layout-flex\">\n<div class=\"wp-block-column is-layout-flow wp-block-column-is-layout-flow\">\n<div class=\"wp-block-image\"><figure class=\"aligncenter\"><a href=\"http:\/\/fenster.ee\/alumiinium\/wp-content\/uploads\/2019\/09\/CW-50SG-a_big.jpg\"><img loading=\"lazy\" decoding=\"async\" width=\"200\" height=\"200\" src=\"http:\/\/fenster.ee\/alumiinium\/wp-content\/uploads\/2019\/09\/CW-50SG-a-200x200.jpg\" alt=\"\" class=\"wp-image-557\" srcset=\"https:\/\/fenster.ee\/alumiinium\/wp-content\/uploads\/2019\/09\/CW-50SG-a-200x200.jpg 200w, https:\/\/fenster.ee\/alumiinium\/wp-content\/uploads\/2019\/09\/CW-50SG-a-200x200-150x150.jpg 150w\" sizes=\"auto, (max-width: 200px) 100vw, 200px\" \/><\/a><figcaption>CW 50 SG<\/figcaption><\/figure><\/div>\n<\/div>\n\n\n\n<div class=\"wp-block-column is-layout-flow wp-block-column-is-layout-flow\">\n<div class=\"wp-block-image\"><figure class=\"aligncenter\"><a href=\"http:\/\/fenster.ee\/alumiinium\/wp-content\/uploads\/2019\/09\/CW-50-SG_big.jpg\"><img loading=\"lazy\" decoding=\"async\" width=\"200\" height=\"200\" src=\"http:\/\/fenster.ee\/alumiinium\/wp-content\/uploads\/2019\/09\/CW-50-SG-200x200.jpg\" alt=\"\" class=\"wp-image-555\" srcset=\"https:\/\/fenster.ee\/alumiinium\/wp-content\/uploads\/2019\/09\/CW-50-SG-200x200.jpg 200w, https:\/\/fenster.ee\/alumiinium\/wp-content\/uploads\/2019\/09\/CW-50-SG-200x200-150x150.jpg 150w\" sizes=\"auto, (max-width: 200px) 100vw, 200px\" \/><\/a><figcaption>CW 50 SG<\/figcaption><\/figure><\/div>\n<\/div>\n\n\n\n<div class=\"wp-block-column is-layout-flow wp-block-column-is-layout-flow\">\n<div class=\"wp-block-image\"><figure class=\"aligncenter\"><a href=\"http:\/\/fenster.ee\/alumiinium\/wp-content\/uploads\/2019\/09\/CW-50-variables_big.jpg\"><img loading=\"lazy\" decoding=\"async\" width=\"200\" height=\"200\" src=\"http:\/\/fenster.ee\/alumiinium\/wp-content\/uploads\/2019\/09\/CW-50-variables-200x200.jpg\" alt=\"\" class=\"wp-image-556\" srcset=\"https:\/\/fenster.ee\/alumiinium\/wp-content\/uploads\/2019\/09\/CW-50-variables-200x200.jpg 200w, https:\/\/fenster.ee\/alumiinium\/wp-content\/uploads\/2019\/09\/CW-50-variables-200x200-150x150.jpg 150w\" sizes=\"auto, (max-width: 200px) 100vw, 200px\" \/><\/a><figcaption>CW 50 variables<\/figcaption><\/figure><\/div>\n<\/div>\n<\/div>\n\n\n\n<p>CW50<br> CONCEPT WALL 50<\/p>\n\n\n\n<p>Rajoittamaton luova vapaus ja maksimaalinen valon p\u00e4\u00e4sy<\/p>\n\n\n\n<p>Verhosein\u00e4 50 on julkisivu- ja kattoj\u00e4rjestelm\u00e4, joka tarjoaa rajoittamattoman suunnitteluvapauden ja mahdollistaa maksimaalisen l\u00e4pin\u00e4kyvyyden. Sellaisenaan CW 50 on saatavana useissa suunnittelu- ja lasitusvaihtoehdoissa, mutta sis\u00e4lt\u00e4\u00e4 my\u00f6s erilaisia \u200b\u200bteknisi\u00e4 variantteja, jotta ne vastaisivat m\u00e4\u00e4ritettyj\u00e4 palonkest\u00e4vyys- ja l\u00e4mp\u00f6eristustasoja.<\/p>\n\n\n\n<p>Suunnitteluvaihtoehdot tarjoavat ratkaisuja sek\u00e4 rakennuksen ulkopuolelle ett\u00e4 sis\u00e4lle. Lasitusvaihtoehdot vaihtelevat standardipainelevyjen k\u00e4yt\u00f6st\u00e4 rakenteellisesti lasitettuihin ja rakenteellisesti puristettuihin ratkaisuihin.<\/p>\n\n\n\n<p>Laaja CW 50 -profiilivalikoima t\u00e4ytt\u00e4\u00e4 kaikki nykyajan arkkitehtuurin vaatimukset. Energisen suorituskyvyn suhteen j\u00e4rjestelm\u00e4 tarjoaa ratkaisuja eri tasoilla, mahdollistaen kolminkertaisen lasin k\u00e4yt\u00f6n ja tekem\u00e4ll\u00e4 j\u00e4rjestelm\u00e4st\u00e4 jopa sovellettavissa passiivitaloon tai v\u00e4h\u00e4n energiaa k\u00e4ytt\u00e4viin rakennuksiin. Lis\u00e4ksi erilliset aukotyypit voidaan my\u00f6s integroida saumattomasti; kuten rinnakkain avautuva ikkuna, ylh\u00e4\u00e4ll\u00e4 ripustettu ikkuna, piilotettu tuuletuskierto ja kallistusikkuna, mutta my\u00f6s uppokattoaukko integroitavaksi CW 50: n kattosovelluksiin.<\/p>\n\n\n\n<p>CW50 SG<\/p>\n\n\n\n<p>CW 50-SG (rakennelasitus) on CW 50 -vaihtoehto, jossa lasitus liimataan profiiliin. T\u00e4m\u00e4 profiili kiinnitet\u00e4\u00e4n my\u00f6hemmin sis\u00e4iseen tukirakenteeseen painelevyjen avulla. Suojaprofiileja ei k\u00e4ytet\u00e4, lasipaneelien v\u00e4linen liitos suljetaan kumitiivisteell\u00e4.<\/p>\n\n\n\n<p><\/p>\n\n\n\n<div style=\"height:50px\" aria-hidden=\"true\" class=\"wp-block-spacer\"><\/div>\n","protected":false},"excerpt":{"rendered":"<p>CW50 CONCEPT WALL 50 Rajoittamaton luova vapaus ja maksimaalinen valon p\u00e4\u00e4sy Verhosein\u00e4 50 on julkisivu- ja kattoj\u00e4rjestelm\u00e4, joka tarjoaa rajoittamattoman suunnitteluvapauden ja mahdollistaa maksimaalisen l\u00e4pin\u00e4kyvyyden. Sellaisenaan CW 50 on saatavana useissa suunnittelu- ja lasitusvaihtoehdoissa, mutta sis\u00e4lt\u00e4\u00e4 my\u00f6s erilaisia \u200b\u200bteknisi\u00e4 variantteja, jotta ne vastaisivat m\u00e4\u00e4ritettyj\u00e4 palonkest\u00e4vyys- ja l\u00e4mp\u00f6eristustasoja. Suunnitteluvaihtoehdot tarjoavat ratkaisuja sek\u00e4 rakennuksen ulkopuolelle ett\u00e4 sis\u00e4lle. [&#8230;]<\/p>\n<p><a class=\"btn btn-secondary understrap-read-more-link\" href=\"https:\/\/fenster.ee\/alumiinium\/fi\/klaasfassaadid\/\">Read More&#8230;<\/a><\/p>\n","protected":false},"author":1,"featured_media":0,"parent":0,"menu_order":0,"comment_status":"closed","ping_status":"closed","template":"template-tooted.php","meta":{"_acf_changed":false,"advgb_blocks_editor_width":"","advgb_blocks_columns_visual_guide":"","footnotes":""},"class_list":["post-647","page","type-page","status-publish","hentry"],"acf":[],"coauthors":[],"author_meta":{"author_link":"https:\/\/fenster.ee\/alumiinium\/fi\/author\/admin\/","display_name":"admin"},"relative_dates":{"created":"Posted 7 vuotta ago","modified":"Updated 6 vuotta ago"},"absolute_dates":{"created":"Posted on 10 syyskuun, 2019","modified":"Updated on 6 huhtikuun, 2020"},"absolute_dates_time":{"created":"Posted on 10 syyskuun, 2019 9:49 am","modified":"Updated on 6 huhtikuun, 2020 1:05 pm"},"featured_img_caption":"","featured_img":false,"series_order":"","_links":{"self":[{"href":"https:\/\/fenster.ee\/alumiinium\/fi\/wp-json\/wp\/v2\/pages\/647","targetHints":{"allow":["GET"]}}],"collection":[{"href":"https:\/\/fenster.ee\/alumiinium\/fi\/wp-json\/wp\/v2\/pages"}],"about":[{"href":"https:\/\/fenster.ee\/alumiinium\/fi\/wp-json\/wp\/v2\/types\/page"}],"author":[{"embeddable":true,"href":"https:\/\/fenster.ee\/alumiinium\/fi\/wp-json\/wp\/v2\/users\/1"}],"replies":[{"embeddable":true,"href":"https:\/\/fenster.ee\/alumiinium\/fi\/wp-json\/wp\/v2\/comments?post=647"}],"version-history":[{"count":2,"href":"https:\/\/fenster.ee\/alumiinium\/fi\/wp-json\/wp\/v2\/pages\/647\/revisions"}],"predecessor-version":[{"id":1438,"href":"https:\/\/fenster.ee\/alumiinium\/fi\/wp-json\/wp\/v2\/pages\/647\/revisions\/1438"}],"wp:attachment":[{"href":"https:\/\/fenster.ee\/alumiinium\/fi\/wp-json\/wp\/v2\/media?parent=647"}],"curies":[{"name":"wp","href":"https:\/\/api.w.org\/{rel}","templated":true}]}}